{"id":715,"date":"2021-10-18T09:20:58","date_gmt":"2021-10-18T09:20:58","guid":{"rendered":"https:\/\/intercultural.upatras.gr\/?page_id=715"},"modified":"2024-12-24T15:47:27","modified_gmt":"2024-12-24T15:47:27","slug":"7th-intercultural-forum","status":"publish","type":"page","link":"https:\/\/intercultural.upatras.gr\/?page_id=715","title":{"rendered":"7th Intercultural Forum"},"content":{"rendered":"\n<p><\/p>\n\n\n\n<h1 class=\"wp-block-heading\">\u00ce\u2014 \u00ce\u201d\u00ce\u00b9\u00ce\u00b1\u00cf\u20ac\u00ce\u00bf\u00ce\u00bb\u00ce\u00b9\u00cf\u201e\u00ce\u00b9\u00cf\u0192\u00ce\u00bc\u00ce\u00b9\u00ce\u00ba\u00ce\u00ae \u00ce\u2022\u00ce\u00ba\u00cf\u20ac\u00ce\u00b1\u00ce\u00af\u00ce\u00b4\u00ce\u00b5\u00cf\u2026\u00cf\u0192\u00ce\u00b7 \u00cf\u0192\u00cf\u201e\u00ce\u00b7\u00ce\u00bd \u00ce\u2022\u00ce\u00bb\u00ce\u00bb\u00ce\u00ac\u00ce\u00b4\u00ce\u00b1<\/h1>\n\n\n\n<p>\u00ce\u00a4\u00ce\u00bf 7o <a href=\"https:\/\/intercultural.upatras.gr\/\">\u00ce\u00a6\u00cf\u0152\u00cf\u0081\u00ce\u00bf\u00cf\u2026\u00ce\u00bc \u00ce\u201d\u00ce\u00b9\u00ce\u00b1\u00cf\u20ac\u00ce\u00bf\u00ce\u00bb\u00ce\u00b9\u00cf\u201e\u00ce\u00b9\u00cf\u0192\u00ce\u00bc\u00ce\u00b9\u00ce\u00ba\u00ce\u00bf\u00cf\u008d \u00ce\u201d\u00ce\u00b9\u00ce\u00b1\u00ce\u00bb\u00cf\u0152\u00ce\u00b3\u00ce\u00bf\u00cf\u2026 \u00ce\u00ba\u00ce\u00b1\u00ce\u00b9 \u00ce\u0153\u00ce\u00ac\u00ce\u00b8\u00ce\u00b7\u00cf\u0192\u00ce\u00b7\u00cf\u201a<\/a> \u00ce\u00b8\u00ce\u00b1 \u00ce\u00b3\u00ce\u00af\u00ce\u00bd\u00ce\u00b5\u00ce\u00b9 \u00cf\u2020\u00ce\u00ad\u00cf\u201e\u00ce\u00bf\u00cf\u201a \u00cf\u0192\u00cf\u201e\u00ce\u00b9\u00cf\u201a 18\/12\/2021 (\u00ce\u00a0\u00ce\u00b1\u00ce\u00b3\u00ce\u00ba\u00cf\u0152\u00cf\u0192\u00ce\u00bc\u00ce\u00b9\u00ce\u00b1 \u00ce\u0153\u00ce\u00ad\u00cf\u0081\u00ce\u00b1 \u00ce\u0153\u00ce\u00b5\u00cf\u201e\u00ce\u00b1\u00ce\u00bd\u00ce\u00b1\u00cf\u0192\u00cf\u201e\u00cf\u017d\u00ce\u00bd) \u00ce\u00b4\u00ce\u00b9\u00ce\u00b1\u00ce\u00b4\u00ce\u00b9\u00ce\u00ba\u00cf\u201e\u00cf\u2026\u00ce\u00b1\u00ce\u00ba\u00ce\u00ac \u00ce\u00bc\u00ce\u00b5\u00cf\u201e\u00ce\u00b1\u00ce\u00be\u00cf\u008d 10\u00cf\u20ac\u00ce\u00bc-2\u00ce\u00bc\u00ce\u00bc. \u00ce\u00a4\u00ce\u00bf \u00ce\u00a6\u00cf\u0152\u00cf\u0081\u00ce\u00bf\u00cf\u2026\u00ce\u00bc \u00ce\u00b4\u00ce\u00b9\u00ce\u00bf\u00cf\u0081\u00ce\u00b3\u00ce\u00b1\u00ce\u00bd\u00cf\u017d\u00ce\u00bd\u00ce\u00b5\u00cf\u201e\u00ce\u00b1\u00ce\u00b9 \u00ce\u00b1\u00cf\u20ac\u00cf\u0152 \u00cf\u201e\u00ce\u00bf \u00ce\u2022\u00cf\u0081\u00ce\u00b3\u00ce\u00b1\u00cf\u0192\u00cf\u201e\u00ce\u00ae\u00cf\u0081\u00ce\u00b9\u00ce\u00bf \u00ce\u0161\u00ce\u00bf\u00ce\u00b9\u00ce\u00bd\u00cf\u2030\u00ce\u00bd\u00ce\u00b9\u00ce\u00bf\u00ce\u00bb\u00ce\u00bf\u00ce\u00b3\u00ce\u00af\u00ce\u00b1\u00cf\u201a \u00ce\u00ba\u00ce\u00b1\u00ce\u00b9 \u00ce\u2022\u00ce\u00ba\u00cf\u20ac\u00ce\u00b1\u00ce\u00af\u00ce\u00b4\u00ce\u00b5\u00cf\u2026\u00cf\u0192\u00ce\u00b7\u00cf\u201a \u00cf\u201e\u00ce\u00bf\u00cf\u2026 \u00ce\u00a4\u00ce\u2022\u00ce\u2022\u00ce\u2018\u00ce\u00a0\u00ce\u2014 \u00cf\u0192\u00ce\u00b5 \u00cf\u0192\u00cf\u2026\u00ce\u00bd\u00ce\u00b5\u00cf\u0081\u00ce\u00b3\u00ce\u00b1\u00cf\u0192\u00ce\u00af\u00ce\u00b1 \u00ce\u00bc\u00ce\u00b5 \u00cf\u201e\u00ce\u00bf \u00ce\u00a4\u00ce\u00bc\u00ce\u00ae\u00ce\u00bc\u00ce\u00b1 \u00ce\u2022\u00cf\u20ac\u00ce\u00b9\u00cf\u0192\u00cf\u201e\u00ce\u00b7\u00ce\u00bc\u00cf\u017d\u00ce\u00bd \u00cf\u201e\u00ce\u00b7\u00cf\u201a \u00ce\u2022\u00ce\u00ba\u00cf\u20ac\u00ce\u00b1\u00ce\u00af\u00ce\u00b4\u00ce\u00b5\u00cf\u2026\u00cf\u0192\u00ce\u00b7\u00cf\u201a \u00ce\u00ba\u00ce\u00b1\u00ce\u00b9 \u00ce\u0161\u00ce\u00bf\u00ce\u00b9\u00ce\u00bd\u00cf\u2030\u00ce\u00bd\u00ce\u00b9\u00ce\u00ba\u00ce\u00ae\u00cf\u201a \u00ce\u2022\u00cf\u0081\u00ce\u00b3\u00ce\u00b1\u00cf\u0192\u00ce\u00af\u00ce\u00b1\u00cf\u201a \u00cf\u201e\u00ce\u00bf\u00cf\u2026 \u00ce\u00a0\u00ce\u00b1\u00ce\u00bd\u00ce\u00b5\u00cf\u20ac\u00ce\u00b9\u00cf\u0192\u00cf\u201e\u00ce\u00b7\u00ce\u00bc\u00ce\u00af\u00ce\u00bf\u00cf\u2026 \u00ce\u00a0\u00ce\u00b1\u00cf\u201e\u00cf\u0081\u00cf\u017d\u00ce\u00bd.<\/p>\n\n\n\n<p>\u00ce\u00a4\u00ce\u00bf \u00cf\u2020\u00ce\u00b5\u00cf\u201e\u00ce\u00b9\u00ce\u00bd\u00cf\u0152 \u00ce\u00a6\u00cf\u0152\u00cf\u0081\u00ce\u00bf\u00cf\u2026\u00ce\u00bc \u00cf\u2020\u00ce\u00b9\u00ce\u00bb\u00ce\u00bf\u00ce\u00b4\u00ce\u00bf\u00ce\u00be\u00ce\u00b5\u00ce\u00af \u00ce\u00bd\u00ce\u00b1 \u00cf\u0192\u00cf\u2026\u00ce\u00b3\u00ce\u00ba\u00ce\u00b5\u00ce\u00bd\u00cf\u201e\u00cf\u0081\u00cf\u017d\u00cf\u0192\u00ce\u00b5\u00ce\u00b9 \u00cf\u201e\u00ce\u00bf\u00cf\u2026\u00cf\u201a \u00ce\u00b1\u00ce\u00ba\u00ce\u00b1\u00ce\u00b4\u00ce\u00b7\u00ce\u00bc\u00ce\u00b1\u00cf\u0160\u00ce\u00ba\u00ce\u00bf\u00cf\u008d\u00cf\u201a \u00cf\u20ac\u00ce\u00bf\u00cf\u2026 \u00ce\u00b1\u00cf\u0192\u00cf\u2021\u00ce\u00bf\u00ce\u00bb\u00ce\u00bf\u00cf\u008d\u00ce\u00bd\u00cf\u201e\u00ce\u00b1\u00ce\u00b9 \u00ce\u00bc\u00ce\u00b5 \u00cf\u201e\u00ce\u00b7\u00ce\u00bd \u00ce\u00b4\u00ce\u00b9\u00ce\u00b1\u00cf\u20ac\u00ce\u00bf\u00ce\u00bb\u00ce\u00b9\u00cf\u201e\u00ce\u00b9\u00cf\u0192\u00ce\u00bc\u00ce\u00b9\u00ce\u00ba\u00ce\u00ae \u00ce\u00b5\u00ce\u00ba\u00cf\u20ac\u00ce\u00b1\u00ce\u00af\u00ce\u00b4\u00ce\u00b5\u00cf\u2026\u00cf\u0192\u00ce\u00b7 \u00cf\u0192\u00cf\u201e\u00ce\u00b7\u00ce\u00bd \u00ce\u2022\u00ce\u00bb\u00ce\u00bb\u00ce\u00ac\u00ce\u00b4\u00ce\u00b1 \u00cf\u017d\u00cf\u0192\u00cf\u201e\u00ce\u00b5 \u00ce\u00bd\u00ce\u00b1 \u00ce\u00b1\u00ce\u00bd\u00ce\u00bf\u00ce\u00af\u00ce\u00be\u00ce\u00bf\u00cf\u2026\u00ce\u00bc\u00ce\u00b5 \u00ce\u00ad\u00ce\u00bd\u00ce\u00b1\u00ce\u00bd \u00ce\u00b4\u00ce\u00b9\u00ce\u00ac\u00ce\u00bb\u00ce\u00bf\u00ce\u00b3\u00ce\u00bf \u00ce\u00b3\u00ce\u00b9\u00ce\u00b1 \u00ce\u00b8\u00ce\u00ad\u00ce\u00bc\u00ce\u00b1\u00cf\u201e\u00ce\u00b1 \u00cf\u20ac\u00ce\u00bf\u00cf\u2026 \u00ce\u00bc\u00ce\u00b1\u00cf\u201a \u00ce\u00b1\u00cf\u20ac\u00ce\u00b1\u00cf\u0192\u00cf\u2021\u00ce\u00bf\u00ce\u00bb\u00ce\u00bf\u00cf\u008d\u00ce\u00bd \u00cf\u0192\u00cf\u201e\u00ce\u00b7\u00ce\u00bd \u00ce\u00ad\u00cf\u0081\u00ce\u00b5\u00cf\u2026\u00ce\u00bd\u00ce\u00b1 \u00ce\u00ba\u00ce\u00b1\u00ce\u00b9 \u00cf\u201e\u00ce\u00b7 \u00ce\u00b4\u00ce\u00b9\u00ce\u00b4\u00ce\u00b1\u00cf\u0192\u00ce\u00ba\u00ce\u00b1\u00ce\u00bb\u00ce\u00af\u00ce\u00b1. \u00ce\u2022\u00cf\u20ac\u00ce\u00af\u00cf\u0192\u00ce\u00b7\u00cf\u201a \u00cf\u0192\u00cf\u201e\u00cf\u0152\u00cf\u2021\u00ce\u00bf\u00cf\u201a \u00ce\u00b5\u00ce\u00af\u00ce\u00bd\u00ce\u00b1\u00ce\u00b9 \u00ce\u00bd\u00ce\u00b1 \u00ce\u00b3\u00ce\u00af\u00ce\u00bd\u00ce\u00b5\u00ce\u00b9 \u00ce\u00bc\u00ce\u00b9\u00ce\u00b1 \u00ce\u00b1\u00cf\u20ac\u00ce\u00bf\u00cf\u201e\u00ce\u00af\u00ce\u00bc\u00ce\u00b7\u00cf\u0192\u00ce\u00b7 \u00cf\u201e\u00ce\u00bf\u00cf\u2026 \u00cf\u20ac\u00ce\u00b5\u00ce\u00b4\u00ce\u00af\u00ce\u00bf\u00cf\u2026 \u00cf\u0192\u00cf\u201e\u00ce\u00b7\u00ce\u00bd \u00ce\u2022\u00ce\u00bb\u00ce\u00bb\u00ce\u00ac\u00ce\u00b4\u00ce\u00b1, \u00ce\u00ba\u00ce\u00ac\u00cf\u201e\u00ce\u00b9 \u00cf\u20ac\u00ce\u00bf\u00cf\u2026 \u00ce\u00b5\u00ce\u00ba\u00ce\u00ba\u00cf\u0081\u00ce\u00b5\u00ce\u00bc\u00ce\u00b5\u00ce\u00af.<\/p>\n\n\n\n<p>\u00ce\u00a4\u00ce\u00bf \u00cf\u201e\u00ce\u00b9\u00ce\u00bc\u00cf\u017d\u00ce\u00bc\u00ce\u00b5\u00ce\u00bd\u00ce\u00bf \u00cf\u20ac\u00cf\u0081\u00cf\u0152\u00cf\u0192\u00cf\u2030\u00cf\u20ac\u00ce\u00bf \u00cf\u201e\u00ce\u00bf\u00cf\u2026 \u00ce\u00a6\u00cf\u0152\u00cf\u0081\u00ce\u00bf\u00cf\u2026\u00ce\u00bc \u00ce\u00b8\u00ce\u00b1 \u00ce\u00b5\u00ce\u00af\u00ce\u00bd\u00ce\u00b1\u00ce\u00b9 \u00ce\u00bf \u00ce\u0178\u00ce\u00bc. \u00ce\u0161\u00ce\u00b1\u00ce\u00b8\u00ce\u00b7\u00ce\u00b3\u00ce\u00b7\u00cf\u201e\u00ce\u00ae\u00cf\u201a \u00cf\u201e\u00ce\u00bf\u00cf\u2026 \u00ce\u00a0\u00ce\u00b1\u00ce\u00bd\u00ce\u00b5\u00cf\u20ac\u00ce\u00b9\u00cf\u0192\u00cf\u201e\u00ce\u00b7\u00ce\u00bc\u00ce\u00af\u00ce\u00bf\u00cf\u2026 \u00ce\u0161\u00cf\u0081\u00ce\u00ae\u00cf\u201e\u00ce\u00b7\u00cf\u201a <strong>\u00ce\u0153\u00ce\u00b9\u00cf\u2021\u00ce\u00ac\u00ce\u00bb\u00ce\u00b7\u00cf\u201a \u00ce\u201d\u00ce\u00b1\u00ce\u00bc\u00ce\u00b1\u00ce\u00bd\u00ce\u00ac\u00ce\u00ba\u00ce\u00b7\u00cf\u201a<\/strong> \u00cf\u20ac\u00ce\u00bf\u00cf\u2026 \u00ce\u00b8\u00ce\u00b1 \u00ce\u00ba\u00ce\u00ac\u00ce\u00bd\u00ce\u00b5\u00ce\u00b9 \u00ce\u00ba\u00ce\u00b1\u00ce\u00b9 \u00cf\u201e\u00ce\u00b7\u00ce\u00bd \u00ce\u00ba\u00ce\u00b5\u00ce\u00bd\u00cf\u201e\u00cf\u0081\u00ce\u00b9\u00ce\u00ba\u00ce\u00ae \u00ce\u00bf\u00ce\u00bc\u00ce\u00b9\u00ce\u00bb\u00ce\u00af\u00ce\u00b1.<\/p>\n\n\n\n<p>\u00ce\u2014 \u00ce\u00bc\u00ce\u00b5\u00ce\u00b8\u00ce\u00bf\u00ce\u00b4\u00ce\u00bf\u00ce\u00bb\u00ce\u00bf\u00ce\u00b3\u00ce\u00af\u00ce\u00b1 \u00cf\u201e\u00ce\u00bf\u00cf\u2026 \u00ce\u00a6\u00cf\u0152\u00cf\u0081\u00ce\u00bf\u00cf\u2026\u00ce\u00bc \u00ce\u00b8\u00ce\u00b1 \u00ce\u00b5\u00cf\u0192\u00cf\u201e\u00ce\u00b9\u00ce\u00ac\u00cf\u0192\u00ce\u00b5\u00ce\u00b9 \u00cf\u0192\u00ce\u00b5 \u00ce\u00b4\u00ce\u00b9\u00ce\u00b1\u00ce\u00bb\u00ce\u00bf\u00ce\u00b3\u00ce\u00b9\u00ce\u00ba\u00ce\u00ad\u00cf\u201a \u00cf\u20ac\u00cf\u0081\u00ce\u00b1\u00ce\u00ba\u00cf\u201e\u00ce\u00b9\u00ce\u00ba\u00ce\u00ad\u00cf\u201a (\u00cf\u20ac.\u00cf\u2021. world caf\u00c3\u00a9 scenario &amp; lighting talks) \u00ce\u00bc\u00ce\u00b5 \u00cf\u0192\u00cf\u201e\u00cf\u0152\u00cf\u2021\u00ce\u00bf \u00ce\u00bd\u00ce\u00b1 \u00cf\u20ac\u00cf\u0081\u00ce\u00bf\u00ce\u00b1\u00cf\u2021\u00ce\u00b8\u00ce\u00b5\u00ce\u00af \u00ce\u00b7 \u00cf\u0192\u00cf\u2026\u00ce\u00b6\u00ce\u00ae\u00cf\u201e\u00ce\u00b7\u00cf\u0192\u00ce\u00b7 \u00ce\u00ba\u00ce\u00b1\u00ce\u00b9 \u00ce\u00b7 \u00ce\u00ba\u00ce\u00bf\u00ce\u00b9\u00ce\u00bd\u00ce\u00ae \u00ce\u00b4\u00ce\u00b9\u00ce\u00b1\u00cf\u20ac\u00ce\u00bf\u00ce\u00bb\u00ce\u00b9\u00cf\u201e\u00ce\u00b9\u00cf\u0192\u00ce\u00bc\u00ce\u00b9\u00ce\u00ba\u00ce\u00ae \u00ce\u00b4\u00cf\u0081\u00ce\u00ac\u00cf\u0192\u00ce\u00b7 \u00cf\u0192\u00ce\u00b5 \u00ce\u00ad\u00ce\u00bd\u00ce\u00b1 \u00ce\u00b1\u00cf\u20ac\u00cf\u0152 \u00cf\u201e\u00ce\u00b1 \u00cf\u20ac\u00ce\u00b1\u00cf\u0081\u00ce\u00b1\u00ce\u00ba\u00ce\u00ac\u00cf\u201e\u00cf\u2030 \u00ce\u00b8\u00ce\u00b5\u00ce\u00bc\u00ce\u00b1\u00cf\u201e\u00ce\u00b9\u00ce\u00ba\u00ce\u00ac \u00cf\u20ac\u00ce\u00ac\u00ce\u00bd\u00ce\u00b5\u00ce\u00bb:<\/p>\n\n\n\n<p>\u00ce\u00a4\u00ce\u00b1 \u00ce\u00b8\u00ce\u00ad\u00ce\u00bc\u00ce\u00b1\u00cf\u201e\u00ce\u00b1 \u00ce\u00b8\u00ce\u00b1 \u00ce\u00b1\u00cf\u2020\u00ce\u00bf\u00cf\u0081\u00ce\u00bf\u00cf\u008d\u00ce\u00bd \u00cf\u0192\u00cf\u201e\u00ce\u00b9\u00cf\u201a:<\/p>\n\n\n\n<ul class=\"wp-block-list\">\n<li>\u00ce\u02dc\u00ce\u00b5\u00cf\u2030\u00cf\u0081\u00ce\u00b7\u00cf\u201e\u00ce\u00b9\u00ce\u00ba\u00ce\u00ad\u00cf\u201a \u00cf\u20ac\u00cf\u0081\u00ce\u00bf\u00cf\u0192\u00ce\u00b5\u00ce\u00b3\u00ce\u00b3\u00ce\u00af\u00cf\u0192\u00ce\u00b5\u00ce\u00b9\u00cf\u201a \u00ce\u00ba\u00ce\u00b1\u00ce\u00b9 \u00cf\u201e\u00ce\u00b7\u00ce\u00bd \u00ce\u00bf\u00cf\u0081\u00ce\u00b9\u00ce\u00bf\u00ce\u00b8\u00ce\u00ad\u00cf\u201e\u00ce\u00b7\u00cf\u0192\u00ce\u00b7 \u00cf\u201e\u00ce\u00bf\u00cf\u2026 \u00cf\u20ac\u00ce\u00b5\u00ce\u00b4\u00ce\u00af\u00ce\u00bf\u00cf\u2026 \u00cf\u201e\u00ce\u00b7\u00cf\u201a \u00ce\u201d\u00ce\u00b9\u00ce\u00b1\u00cf\u20ac\u00ce\u00bf\u00ce\u00bb\u00ce\u00b9\u00cf\u201e\u00ce\u00b9\u00cf\u0192\u00ce\u00bc\u00ce\u00b9\u00ce\u00ba\u00ce\u00ae\u00cf\u201a \u00ce\u2022\u00ce\u00ba\u00cf\u20ac\u00ce\u00b1\u00ce\u00af\u00ce\u00b4\u00ce\u00b5\u00cf\u2026\u00cf\u0192\u00ce\u00b7\u00cf\u201a.<\/li>\n\n\n\n<li>\u00ce\u2022\u00cf\u0081\u00ce\u00b5\u00cf\u2026\u00ce\u00bd\u00ce\u00b7\u00cf\u201e\u00ce\u00b9\u00ce\u00ba\u00ce\u00ad\u00cf\u201a \u00ce\u00bc\u00ce\u00b5\u00ce\u00b8\u00cf\u0152\u00ce\u00b4\u00ce\u00bf\u00cf\u2026\u00cf\u201a \u00cf\u20ac\u00ce\u00bf\u00cf\u2026 \u00ce\u00b1\u00ce\u00be\u00ce\u00b9\u00ce\u00bf\u00cf\u20ac\u00ce\u00bf\u00ce\u00b9\u00ce\u00bf\u00cf\u008d\u00ce\u00bd\u00cf\u201e\u00ce\u00b1\u00ce\u00b9.<\/li>\n\n\n\n<li>\u00ce\u00a0\u00ce\u00bf\u00ce\u00bb\u00ce\u00b9\u00cf\u201e\u00ce\u00b9\u00ce\u00ba\u00ce\u00ad\u00cf\u201a \u00ce\u00b3\u00ce\u00b9\u00ce\u00b1 \u00cf\u201e\u00ce\u00b7\u00ce\u00bd \u00ce\u201d\u00ce\u00b9\u00ce\u00b1\u00cf\u20ac\u00ce\u00bf\u00ce\u00bb\u00ce\u00b9\u00cf\u201e\u00ce\u00b9\u00cf\u0192\u00ce\u00bc\u00ce\u00b9\u00ce\u00ba\u00ce\u00ae \u00ce\u2022\u00ce\u00ba\u00cf\u20ac\u00ce\u00b1\u00ce\u00af\u00ce\u00b4\u00ce\u00b5\u00cf\u2026\u00cf\u0192\u00ce\u00b7, \u00cf\u201e\u00ce\u00b9\u00cf\u201a \u00cf\u20ac\u00cf\u0081\u00ce\u00bf\u00ce\u00ba\u00ce\u00bb\u00ce\u00ae\u00cf\u0192\u00ce\u00b5\u00ce\u00b9\u00cf\u201a \u00ce\u00ba\u00ce\u00b1\u00ce\u00b9 \u00cf\u201e\u00ce\u00b1 \u00cf\u20ac\u00cf\u0081\u00ce\u00bf\u00ce\u00b2\u00ce\u00bb\u00ce\u00ae\u00ce\u00bc\u00ce\u00b1\u00cf\u201e\u00ce\u00b1 \u00cf\u20ac\u00ce\u00bf\u00cf\u2026 \u00ce\u00b1\u00ce\u00bd\u00cf\u201e\u00ce\u00b9\u00ce\u00bc\u00ce\u00b5\u00cf\u201e\u00cf\u2030\u00cf\u20ac\u00ce\u00af\u00ce\u00b6\u00ce\u00b5\u00ce\u00b9 \u00cf\u201e\u00ce\u00bf \u00cf\u20ac\u00ce\u00b5\u00ce\u00b4\u00ce\u00af\u00ce\u00bf.<\/li>\n\n\n\n<li>\u00ce\u0161\u00ce\u00b1\u00ce\u00bb\u00ce\u00ad\u00cf\u201a \u00cf\u20ac\u00cf\u0081\u00ce\u00b1\u00ce\u00ba\u00cf\u201e\u00ce\u00b9\u00ce\u00ba\u00ce\u00ad\u00cf\u201a \u00ce\u00b3\u00ce\u00b9\u00ce\u00b1 \u00cf\u201e\u00ce\u00b7 \u00ce\u00b4\u00ce\u00b9\u00ce\u00b1\u00cf\u20ac\u00ce\u00bf\u00ce\u00bb\u00ce\u00b9\u00cf\u201e\u00ce\u00b9\u00cf\u0192\u00ce\u00bc\u00ce\u00b9\u00ce\u00ba\u00ce\u00ae \u00ce\u00b5\u00cf\u20ac\u00ce\u00b9\u00ce\u00bc\u00cf\u0152\u00cf\u0081\u00cf\u2020\u00cf\u2030\u00cf\u0192\u00ce\u00b7 \u00ce\u00b5\u00ce\u00ba\u00cf\u20ac\u00ce\u00b1\u00ce\u00b9\u00ce\u00b4\u00ce\u00b5\u00cf\u2026\u00cf\u201e\u00ce\u00b9\u00ce\u00ba\u00cf\u017d\u00ce\u00bd \u00ce\u00ba\u00ce\u00b1\u00ce\u00b9 \u00cf\u201e\u00ce\u00b7\u00ce\u00bd \u00cf\u201e\u00ce\u00ac\u00ce\u00be\u00ce\u00b7.<\/li>\n<\/ul>\n\n\n\n<p>\u00ce\u00a4\u00ce\u00bf \u00cf\u2020\u00ce\u00b5\u00cf\u201e\u00ce\u00b9\u00ce\u00bd\u00cf\u0152 \u00ce\u00a6\u00cf\u0152\u00cf\u0081\u00ce\u00bf\u00cf\u2026\u00ce\u00bc \u00cf\u2020\u00ce\u00b9\u00ce\u00bb\u00ce\u00bf\u00ce\u00b4\u00ce\u00bf\u00ce\u00be\u00ce\u00b5\u00ce\u00af \u00ce\u00bd\u00ce\u00b1 \u00ce\u00b5\u00ce\u00af\u00ce\u00bd\u00ce\u00b1\u00ce\u00b9 \u00cf\u0192\u00cf\u008d\u00ce\u00bd\u00cf\u201e\u00ce\u00bf\u00ce\u00bc\u00ce\u00bf \u00ce\u00ba\u00ce\u00b1\u00ce\u00b9 \u00cf\u20ac\u00ce\u00b5\u00cf\u0081\u00ce\u00b9\u00ce\u00b5\u00ce\u00ba\u00cf\u201e\u00ce\u00b9\u00ce\u00ba\u00cf\u0152 \u00cf\u0192\u00cf\u2026\u00ce\u00b3\u00ce\u00ba\u00ce\u00b5\u00ce\u00bd\u00cf\u201e\u00cf\u0081\u00cf\u017d\u00ce\u00bd\u00ce\u00bf\u00ce\u00bd\u00cf\u201e\u00ce\u00b1\u00cf\u201a \u00cf\u201e\u00ce\u00b7\u00ce\u00bd \u00ce\u00b1\u00ce\u00ba\u00ce\u00b1\u00ce\u00b4\u00ce\u00b7\u00ce\u00bc\u00ce\u00b1\u00cf\u0160\u00ce\u00ba\u00ce\u00ae \u00ce\u00b5\u00ce\u00bc\u00cf\u20ac\u00ce\u00b5\u00ce\u00b9\u00cf\u0081\u00ce\u00af\u00ce\u00b1 (collective wisdom) \u00cf\u0152\u00ce\u00bb\u00cf\u2030\u00ce\u00bd \u00cf\u0192\u00ce\u00b1\u00cf\u201a \u00cf\u20ac\u00cf\u0081\u00ce\u00bf\u00ce\u00ba\u00ce\u00b5\u00ce\u00b9\u00ce\u00bc\u00ce\u00ad\u00ce\u00bd\u00ce\u00bf\u00cf\u2026 \u00ce\u00bd\u00ce\u00b1 \u00ce\u00b4\u00ce\u00b7\u00ce\u00bc\u00ce\u00b9\u00ce\u00bf\u00cf\u2026\u00cf\u0081\u00ce\u00b3\u00ce\u00b7\u00ce\u00b8\u00ce\u00b5\u00ce\u00af \u00ce\u00ad\u00ce\u00bd\u00ce\u00b1\u00cf\u201a \u00cf\u2021\u00cf\u017d\u00cf\u0081\u00ce\u00bf\u00cf\u201a \u00cf\u0192\u00cf\u2026\u00ce\u00bd\u00ce\u00b1\u00ce\u00bd\u00cf\u201e\u00ce\u00af\u00ce\u00bb\u00ce\u00b7\u00cf\u02c6\u00ce\u00b7\u00cf\u201a \u00cf\u0192\u00cf\u201e\u00ce\u00b7\u00ce\u00bd \u00cf\u0192\u00cf\u2026\u00ce\u00b6\u00ce\u00ae\u00cf\u201e\u00ce\u00b7\u00cf\u0192\u00ce\u00b7 \u00cf\u20ac\u00ce\u00bf\u00cf\u2026 \u00ce\u00b1\u00cf\u2020\u00ce\u00bf\u00cf\u0081\u00ce\u00ac \u00cf\u0192\u00cf\u201e\u00ce\u00b7 \u00ce\u201d\u00ce\u00b9\u00ce\u00b1\u00cf\u20ac\u00ce\u00bf\u00ce\u00bb\u00ce\u00b9\u00cf\u201e\u00ce\u00b9\u00cf\u0192\u00ce\u00bc\u00ce\u00b9\u00ce\u00ba\u00ce\u00ae \u00ce\u2022\u00ce\u00ba\u00cf\u20ac\u00ce\u00b1\u00ce\u00af\u00ce\u00b4\u00ce\u00b5\u00cf\u2026\u00cf\u0192\u00ce\u00b7 \u00cf\u0192\u00cf\u201e\u00ce\u00b7 \u00cf\u2021\u00cf\u017d\u00cf\u0081\u00ce\u00b1 \u00ce\u00bc\u00ce\u00b1\u00cf\u201a.<\/p>\n\n\n\n<p><\/p>\n\n\n\n<h3 class=\"wp-block-heading\">7th Intercultural Forum &#8211; \u00ce\u2014 \u00ce\u201d\u00ce\u00b9\u00ce\u00b1\u00cf\u20ac\u00ce\u00bf\u00ce\u00bb\u00ce\u00b9\u00cf\u201e\u00ce\u00b9\u00cf\u0192\u00ce\u00bc\u00ce\u00b9\u00ce\u00ba\u00ce\u00ae \u00ce\u2022\u00ce\u00ba\u00cf\u20ac\u00ce\u00b1\u00ce\u00af\u00ce\u00b4\u00ce\u00b5\u00cf\u2026\u00cf\u0192\u00ce\u00b7 \u00cf\u0192\u00cf\u201e\u00ce\u00b7\u00ce\u00bd \u00ce\u2022\u00ce\u00bb\u00ce\u00bb\u00ce\u00ac\u00ce\u00b4\u00ce\u00b1<\/h3>\n\n\n\n<figure class=\"wp-block-image\"><img loading=\"lazy\" decoding=\"async\" width=\"1024\" height=\"724\" src=\"https:\/\/wpnet.upatras.gr\/wp-content\/uploads\/sites\/270\/2021\/11\/7th-intercultural-forum-2-1024x724.png\" alt=\"\" class=\"wp-image-738\" srcset=\"https:\/\/intercultural.upatras.gr\/wp-content\/uploads\/sites\/270\/2021\/11\/7th-intercultural-forum-2-1024x724.png 1024w, https:\/\/intercultural.upatras.gr\/wp-content\/uploads\/sites\/270\/2021\/11\/7th-intercultural-forum-2-300x212.png 300w, https:\/\/intercultural.upatras.gr\/wp-content\/uploads\/sites\/270\/2021\/11\/7th-intercultural-forum-2-768x543.png 768w, https:\/\/intercultural.upatras.gr\/wp-content\/uploads\/sites\/270\/2021\/11\/7th-intercultural-forum-2-1536x1086.png 1536w, https:\/\/intercultural.upatras.gr\/wp-content\/uploads\/sites\/270\/2021\/11\/7th-intercultural-forum-2-2048x1448.png 2048w, https:\/\/intercultural.upatras.gr\/wp-content\/uploads\/sites\/270\/2021\/11\/7th-intercultural-forum-2-360x254.png 360w\" sizes=\"auto, (max-width: 1024px) 100vw, 1024px\" \/><\/figure>\n\n\n\n<p>\u00ce\u00a4\u00ce\u00bf 7o <a href=\"https:\/\/intercultural.upatras.gr\/\">\u00ce\u00a6\u00cf\u0152\u00cf\u0081\u00ce\u00bf\u00cf\u2026\u00ce\u00bc \u00ce\u201d\u00ce\u00b9\u00ce\u00b1\u00cf\u20ac\u00ce\u00bf\u00ce\u00bb\u00ce\u00b9\u00cf\u201e\u00ce\u00b9\u00cf\u0192\u00ce\u00bc\u00ce\u00b9\u00ce\u00ba\u00ce\u00bf\u00cf\u008d \u00ce\u201d\u00ce\u00b9\u00ce\u00b1\u00ce\u00bb\u00cf\u0152\u00ce\u00b3\u00ce\u00bf\u00cf\u2026 \u00ce\u00ba\u00ce\u00b1\u00ce\u00b9 \u00ce\u0153\u00ce\u00ac\u00ce\u00b8\u00ce\u00b7\u00cf\u0192\u00ce\u00b7\u00cf\u201a<\/a> \u00ce\u00b8\u00ce\u00b1 \u00ce\u00b3\u00ce\u00af\u00ce\u00bd\u00ce\u00b5\u00ce\u00b9 \u00cf\u2020\u00ce\u00ad\u00cf\u201e\u00ce\u00bf\u00cf\u201a \u00cf\u0192\u00cf\u201e\u00ce\u00b9\u00cf\u201a 18\/12\/2021 (\u00ce\u00a0\u00ce\u00b1\u00ce\u00b3\u00ce\u00ba\u00cf\u0152\u00cf\u0192\u00ce\u00bc\u00ce\u00b9\u00ce\u00b1 \u00ce\u0153\u00ce\u00ad\u00cf\u0081\u00ce\u00b1 \u00ce\u0153\u00ce\u00b5\u00cf\u201e\u00ce\u00b1\u00ce\u00bd\u00ce\u00b1\u00cf\u0192\u00cf\u201e\u00cf\u017d\u00ce\u00bd) \u00ce\u00b4\u00ce\u00b9\u00ce\u00b1\u00ce\u00b4\u00ce\u00b9\u00ce\u00ba\u00cf\u201e\u00cf\u2026\u00ce\u00b1\u00ce\u00ba\u00ce\u00ac \u00ce\u00bc\u00ce\u00b5\u00cf\u201e\u00ce\u00b1\u00ce\u00be\u00cf\u008d 10\u00cf\u20ac\u00ce\u00bc-2\u00ce\u00bc\u00ce\u00bc. \u00ce\u00a4\u00ce\u00bf \u00ce\u00a6\u00cf\u0152\u00cf\u0081\u00ce\u00bf\u00cf\u2026\u00ce\u00bc \u00ce\u00b4\u00ce\u00b9\u00ce\u00bf\u00cf\u0081\u00ce\u00b3\u00ce\u00b1\u00ce\u00bd\u00cf\u017d\u00ce\u00bd\u00ce\u00b5\u00cf\u201e\u00ce\u00b1\u00ce\u00b9 \u00ce\u00b1\u00cf\u20ac\u00cf\u0152 \u00cf\u201e\u00ce\u00bf \u00ce\u2022\u00cf\u0081\u00ce\u00b3\u00ce\u00b1\u00cf\u0192\u00cf\u201e\u00ce\u00ae\u00cf\u0081\u00ce\u00b9\u00ce\u00bf \u00ce\u0161\u00ce\u00bf\u00ce\u00b9\u00ce\u00bd\u00cf\u2030\u00ce\u00bd\u00ce\u00b9\u00ce\u00bf\u00ce\u00bb\u00ce\u00bf\u00ce\u00b3\u00ce\u00af\u00ce\u00b1\u00cf\u201a \u00ce\u00ba\u00ce\u00b1\u00ce\u00b9 \u00ce\u2022\u00ce\u00ba\u00cf\u20ac\u00ce\u00b1\u00ce\u00af\u00ce\u00b4\u00ce\u00b5\u00cf\u2026\u00cf\u0192\u00ce\u00b7\u00cf\u201a \u00cf\u201e\u00ce\u00bf\u00cf\u2026 \u00ce\u00a4\u00ce\u2022\u00ce\u2022\u00ce\u2018\u00ce\u00a0\u00ce\u2014 \u00cf\u0192\u00ce\u00b5 \u00cf\u0192\u00cf\u2026\u00ce\u00bd\u00ce\u00b5\u00cf\u0081\u00ce\u00b3\u00ce\u00b1\u00cf\u0192\u00ce\u00af\u00ce\u00b1 \u00ce\u00bc\u00ce\u00b5 \u00cf\u201e\u00ce\u00bf \u00ce\u00a4\u00ce\u00bc\u00ce\u00ae\u00ce\u00bc\u00ce\u00b1 \u00ce\u2022\u00cf\u20ac\u00ce\u00b9\u00cf\u0192\u00cf\u201e\u00ce\u00b7\u00ce\u00bc\u00cf\u017d\u00ce\u00bd \u00cf\u201e\u00ce\u00b7\u00cf\u201a \u00ce\u2022\u00ce\u00ba\u00cf\u20ac\u00ce\u00b1\u00ce\u00af\u00ce\u00b4\u00ce\u00b5\u00cf\u2026\u00cf\u0192\u00ce\u00b7\u00cf\u201a \u00ce\u00ba\u00ce\u00b1\u00ce\u00b9 \u00ce\u0161\u00ce\u00bf\u00ce\u00b9\u00ce\u00bd\u00cf\u2030\u00ce\u00bd\u00ce\u00b9\u00ce\u00ba\u00ce\u00ae\u00cf\u201a \u00ce\u2022\u00cf\u0081\u00ce\u00b3\u00ce\u00b1\u00cf\u0192\u00ce\u00af\u00ce\u00b1\u00cf\u201a \u00cf\u201e\u00ce\u00bf\u00cf\u2026 \u00ce\u00a0\u00ce\u00b1\u00ce\u00bd\u00ce\u00b5\u00cf\u20ac\u00ce\u00b9\u00cf\u0192\u00cf\u201e\u00ce\u00b7\u00ce\u00bc\u00ce\u00af\u00ce\u00bf\u00cf\u2026 \u00ce\u00a0\u00ce\u00b1\u00cf\u201e\u00cf\u0081\u00cf\u017d\u00ce\u00bd.<\/p>\n\n\n\n<figure class=\"wp-block-image size-large\"><img loading=\"lazy\" decoding=\"async\" width=\"1024\" height=\"683\" src=\"https:\/\/wpnet.upatras.gr\/wp-content\/uploads\/sites\/270\/2021\/10\/IMG_9764small-1024x683.jpg\" alt=\"\" class=\"wp-image-723\" srcset=\"https:\/\/intercultural.upatras.gr\/wp-content\/uploads\/sites\/270\/2021\/10\/IMG_9764small-1024x683.jpg 1024w, https:\/\/intercultural.upatras.gr\/wp-content\/uploads\/sites\/270\/2021\/10\/IMG_9764small-300x200.jpg 300w, https:\/\/intercultural.upatras.gr\/wp-content\/uploads\/sites\/270\/2021\/10\/IMG_9764small-768x512.jpg 768w, https:\/\/intercultural.upatras.gr\/wp-content\/uploads\/sites\/270\/2021\/10\/IMG_9764small-1536x1024.jpg 1536w, https:\/\/intercultural.upatras.gr\/wp-content\/uploads\/sites\/270\/2021\/10\/IMG_9764small-2048x1365.jpg 2048w, https:\/\/intercultural.upatras.gr\/wp-content\/uploads\/sites\/270\/2021\/10\/IMG_9764small-360x240.jpg 360w\" sizes=\"auto, (max-width: 1024px) 100vw, 1024px\" \/><figcaption class=\"wp-element-caption\">\u00ce\u0178\u00ce\u00b9\u00ce\u00ba\u00ce\u00bf\u00ce\u00b3\u00ce\u00b5\u00ce\u00bd\u00ce\u00b5\u00ce\u00b9\u00ce\u00b1\u00ce\u00ba\u00ce\u00ae \u00ce\u00a6\u00cf\u2030\u00cf\u201e\u00ce\u00bf\u00ce\u00b3\u00cf\u0081\u00ce\u00b1\u00cf\u2020\u00ce\u00af\u00ce\u00b1 \u00ce\u00b1\u00cf\u20ac\u00cf\u0152 \u00cf\u201e\u00ce\u00bf 2\u00ce\u00bf \u00ce\u201d\u00ce\u00b9\u00ce\u00b1\u00cf\u20ac\u00ce\u00bf\u00ce\u00bb\u00ce\u00b9\u00cf\u201e\u00ce\u00b9\u00cf\u0192\u00ce\u00bc\u00ce\u00b9\u00ce\u00ba\u00cf\u0152 \u00ce\u00a6\u00cf\u0152\u00cf\u0081\u00ce\u00bf\u00cf\u2026\u00ce\u00bc, \u00ce\u00a0\u00ce\u00ac\u00cf\u201e\u00cf\u0081\u00ce\u00b1 2016.<\/figcaption><\/figure>\n","protected":false},"excerpt":{"rendered":"<p>\u00ce\u2014 \u00ce\u201d\u00ce\u00b9\u00ce\u00b1\u00cf\u20ac\u00ce\u00bf\u00ce\u00bb\u00ce\u00b9\u00cf\u201e\u00ce\u00b9\u00cf\u0192\u00ce\u00bc\u00ce\u00b9\u00ce\u00ba\u00ce\u00ae \u00ce\u2022\u00ce\u00ba\u00cf\u20ac\u00ce\u00b1\u00ce\u00af\u00ce\u00b4\u00ce\u00b5\u00cf\u2026\u00cf\u0192\u00ce\u00b7 \u00cf\u0192\u00cf\u201e\u00ce\u00b7\u00ce\u00bd \u00ce\u2022\u00ce\u00bb\u00ce\u00bb\u00ce\u00ac\u00ce\u00b4\u00ce\u00b1 \u00ce\u00a4\u00ce\u00bf 7o \u00ce\u00a6\u00cf\u0152\u00cf\u0081\u00ce\u00bf\u00cf\u2026\u00ce\u00bc \u00ce\u201d\u00ce\u00b9\u00ce\u00b1\u00cf\u20ac\u00ce\u00bf\u00ce\u00bb\u00ce\u00b9\u00cf\u201e\u00ce\u00b9\u00cf\u0192\u00ce\u00bc\u00ce\u00b9\u00ce\u00ba\u00ce\u00bf\u00cf\u008d \u00ce\u201d\u00ce\u00b9\u00ce\u00b1\u00ce\u00bb\u00cf\u0152\u00ce\u00b3\u00ce\u00bf\u00cf\u2026 \u00ce\u00ba\u00ce\u00b1\u00ce\u00b9 \u00ce\u0153\u00ce\u00ac\u00ce\u00b8\u00ce\u00b7\u00cf\u0192\u00ce\u00b7\u00cf\u201a \u00ce\u00b8\u00ce\u00b1 \u00ce\u00b3\u00ce\u00af\u00ce\u00bd\u00ce\u00b5\u00ce\u00b9 \u00cf\u2020\u00ce\u00ad\u00cf\u201e\u00ce\u00bf\u00cf\u201a \u00cf\u0192\u00cf\u201e\u00ce\u00b9\u00cf\u201a 18\/12\/2021 (\u00ce\u00a0\u00ce\u00b1\u00ce\u00b3\u00ce\u00ba\u00cf\u0152\u00cf\u0192\u00ce\u00bc\u00ce\u00b9\u00ce\u00b1 \u00ce\u0153\u00ce\u00ad\u00cf\u0081\u00ce\u00b1 \u00ce\u0153\u00ce\u00b5\u00cf\u201e\u00ce\u00b1\u00ce\u00bd\u00ce\u00b1\u00cf\u0192\u00cf\u201e\u00cf\u017d\u00ce\u00bd) \u00ce\u00b4\u00ce\u00b9\u00ce\u00b1\u00ce\u00b4\u00ce\u00b9\u00ce\u00ba\u00cf\u201e\u00cf\u2026\u00ce\u00b1\u00ce\u00ba\u00ce\u00ac \u00ce\u00bc\u00ce\u00b5\u00cf\u201e\u00ce\u00b1\u00ce\u00be\u00cf\u008d 10\u00cf\u20ac\u00ce\u00bc-2\u00ce\u00bc\u00ce\u00bc. \u00ce\u00a4\u00ce\u00bf \u00ce\u00a6\u00cf\u0152\u00cf\u0081\u00ce\u00bf\u00cf\u2026\u00ce\u00bc \u00ce\u00b4\u00ce\u00b9\u00ce\u00bf\u00cf\u0081\u00ce\u00b3\u00ce\u00b1\u00ce\u00bd\u00cf\u017d\u00ce\u00bd\u00ce\u00b5\u00cf\u201e\u00ce\u00b1\u00ce\u00b9 \u00ce\u00b1\u00cf\u20ac\u00cf\u0152 \u00cf\u201e\u00ce\u00bf \u00ce\u2022\u00cf\u0081\u00ce\u00b3\u00ce\u00b1\u00cf\u0192\u00cf\u201e\u00ce\u00ae\u00cf\u0081\u00ce\u00b9\u00ce\u00bf \u00ce\u0161\u00ce\u00bf\u00ce\u00b9\u00ce\u00bd\u00cf\u2030\u00ce\u00bd\u00ce\u00b9\u00ce\u00bf\u00ce\u00bb\u00ce\u00bf\u00ce\u00b3\u00ce\u00af\u00ce\u00b1\u00cf\u201a \u00ce\u00ba\u00ce\u00b1\u00ce\u00b9 \u00ce\u2022\u00ce\u00ba\u00cf\u20ac\u00ce\u00b1\u00ce\u00af\u00ce\u00b4\u00ce\u00b5\u00cf\u2026\u00cf\u0192\u00ce\u00b7\u00cf\u201a \u00cf\u201e\u00ce\u00bf\u00cf\u2026 \u00ce\u00a4\u00ce\u2022\u00ce\u2022\u00ce\u2018\u00ce\u00a0\u00ce\u2014 \u00cf\u0192\u00ce\u00b5 \u00cf\u0192\u00cf\u2026\u00ce\u00bd\u00ce\u00b5\u00cf\u0081\u00ce\u00b3\u00ce\u00b1\u00cf\u0192\u00ce\u00af\u00ce\u00b1 \u00ce\u00bc\u00ce\u00b5 \u00cf\u201e\u00ce\u00bf \u00ce\u00a4\u00ce\u00bc\u00ce\u00ae\u00ce\u00bc\u00ce\u00b1 \u00ce\u2022\u00cf\u20ac\u00ce\u00b9\u00cf\u0192\u00cf\u201e\u00ce\u00b7\u00ce\u00bc\u00cf\u017d\u00ce\u00bd <a href=\"https:\/\/intercultural.upatras.gr\/?page_id=715\" class=\"read-more\">Read More &#8230;<\/a><\/p>\n","protected":false},"author":30,"featured_media":0,"parent":23,"menu_order":7,"comment_status":"closed","ping_status":"closed","template":"","meta":{"footnotes":""},"class_list":["post-715","page","type-page","status-publish","hentry"],"_links":{"self":[{"href":"https:\/\/intercultural.upatras.gr\/index.php?rest_route=\/wp\/v2\/pages\/715","targetHints":{"allow":["GET"]}}],"collection":[{"href":"https:\/\/intercultural.upatras.gr\/index.php?rest_route=\/wp\/v2\/pages"}],"about":[{"href":"https:\/\/intercultural.upatras.gr\/index.php?rest_route=\/wp\/v2\/types\/page"}],"author":[{"embeddable":true,"href":"https:\/\/intercultural.upatras.gr\/index.php?rest_route=\/wp\/v2\/users\/30"}],"replies":[{"embeddable":true,"href":"https:\/\/intercultural.upatras.gr\/index.php?rest_route=%2Fwp%2Fv2%2Fcomments&post=715"}],"version-history":[{"count":11,"href":"https:\/\/intercultural.upatras.gr\/index.php?rest_route=\/wp\/v2\/pages\/715\/revisions"}],"predecessor-version":[{"id":1030,"href":"https:\/\/intercultural.upatras.gr\/index.php?rest_route=\/wp\/v2\/pages\/715\/revisions\/1030"}],"up":[{"embeddable":true,"href":"https:\/\/intercultural.upatras.gr\/index.php?rest_route=\/wp\/v2\/pages\/23"}],"wp:attachment":[{"href":"https:\/\/intercultural.upatras.gr\/index.php?rest_route=%2Fwp%2Fv2%2Fmedia&parent=715"}],"curies":[{"name":"wp","href":"https:\/\/api.w.org\/{rel}","templated":true}]}}